{"id":296,"date":"2013-03-10T21:38:08","date_gmt":"2013-03-10T19:38:08","guid":{"rendered":"http:\/\/www.eskofracht.com\/?page_id=296"},"modified":"2013-03-11T00:58:14","modified_gmt":"2013-03-10T22:58:14","slug":"zakres-dzialalnosci","status":"publish","type":"page","link":"https:\/\/www.eskofracht.com\/pl\/firma\/zakres-dzialalnosci\/","title":{"rendered":"Zakres dzia\u0142alno\u015bci"},"content":{"rendered":"<p>Dzia\u0142aj\u0105c na rynku transportu i logistyki jeste\u015bmy gotowi do udzielania us\u0142ug w zakresie przewozu \u0142adunk\u00f3w transportem samochodowym.<\/p>\n<p>&nbsp;<\/p>\n<p>Naszym obowi\u0105zkiem jest zapewnienie dok\u0142adnego i sk\u0142adnego funkcjonowania fragment\u00f3w \u0142a\u0144cuch\u00f3w dostawy, powierzonych dla nas przez Klient\u00f3w.<\/p>\n<p>&nbsp;<\/p>\n<p>Przewozimy <a href=\"http:\/\/www.eskofracht.com\/pl\/uslugi\/produkty-zywnosciowy\/\">produkty \u017cywno\u015bciowe<\/a>, materia\u0142y budowlane, napoje alkoholowe, surowce, papier i in. Posiadamy do\u015bwiadczenie w zakresie przewozu <a href=\"http:\/\/www.eskofracht.com\/pl\/uslugi\/ladunki-temperaturowe\/\">\u0142adunk\u00f3w temperaturowych<\/a>.<\/p>\n<p>&nbsp;<\/p>\n<p>Jest to dzia\u0142alno\u015b\u0107, do realizacji kt\u00f3rej <a href=\"http:\/\/www.eskofracht.com\/pl\/pracownicy\/tworcy\/\">zgromadzili\u015bmy kolektyw<\/a>, <a href=\"http:\/\/www.eskofracht.com\/pl\/firma\/zasady-pracy\/technologie-informacyjne\/\">\u015brodki techniczne<\/a>, zdobyli\u015bmy niezb\u0119dn\u0105 wpraw\u0119, wiadomo\u015bci i do\u015bwiadczenie.<\/p>\n","protected":false},"excerpt":{"rendered":"<p>Dzia\u0142aj\u0105c na rynku transportu i logistyki jeste\u015bmy gotowi do udzielania us\u0142ug w zakresie przewozu \u0142adunk\u00f3w transportem samochodowym. &nbsp; Naszym obowi\u0105zkiem jest zapewnienie dok\u0142adnego i sk\u0142adnego funkcjonowania fragment\u00f3w \u0142a\u0144cuch\u00f3w dostawy, powierzonych [&hellip;]<\/p>\n","protected":false},"author":3,"featured_media":0,"parent":311,"menu_order":10,"comment_status":"closed","ping_status":"closed","template":"puslapis-forma.php","meta":{"footnotes":""},"class_list":["post-296","page","type-page","status-publish","hentry"],"_links":{"self":[{"href":"https:\/\/www.eskofracht.com\/pl\/wp-json\/wp\/v2\/pages\/296","targetHints":{"allow":["GET"]}}],"collection":[{"href":"https:\/\/www.eskofracht.com\/pl\/wp-json\/wp\/v2\/pages"}],"about":[{"href":"https:\/\/www.eskofracht.com\/pl\/wp-json\/wp\/v2\/types\/page"}],"author":[{"embeddable":true,"href":"https:\/\/www.eskofracht.com\/pl\/wp-json\/wp\/v2\/users\/3"}],"replies":[{"embeddable":true,"href":"https:\/\/www.eskofracht.com\/pl\/wp-json\/wp\/v2\/comments?post=296"}],"version-history":[{"count":1,"href":"https:\/\/www.eskofracht.com\/pl\/wp-json\/wp\/v2\/pages\/296\/revisions"}],"predecessor-version":[{"id":297,"href":"https:\/\/www.eskofracht.com\/pl\/wp-json\/wp\/v2\/pages\/296\/revisions\/297"}],"up":[{"embeddable":true,"href":"https:\/\/www.eskofracht.com\/pl\/wp-json\/wp\/v2\/pages\/311"}],"wp:attachment":[{"href":"https:\/\/www.eskofracht.com\/pl\/wp-json\/wp\/v2\/media?parent=296"}],"curies":[{"name":"wp","href":"https:\/\/api.w.org\/{rel}","templated":true}]}}