{"id":299,"date":"2013-03-10T21:50:43","date_gmt":"2013-03-10T19:50:43","guid":{"rendered":"http:\/\/www.eskofracht.com\/?page_id=299"},"modified":"2013-03-11T00:59:55","modified_gmt":"2013-03-10T22:59:55","slug":"zasady-pracy","status":"publish","type":"page","link":"https:\/\/www.eskofracht.com\/pl\/firma\/zasady-pracy\/","title":{"rendered":"Zasady pracy"},"content":{"rendered":"<p>Udzielaj\u0105c us\u0142ug zarz\u0105dcom \u0142a\u0144cuch\u00f3w logistycznych zobowi\u0105zujemy si\u0119:<\/p>\n<p>* D\u0105\u017cy\u0107 do maksymalnej realizacji potrzeb Zleceniodawcy na wszystkich etapach przewozu \u0142adunk\u00f3w.<\/p>\n<p>* Uczy\u0107 si\u0119 i polepsza\u0107 swoj\u0105 kwalifikacj\u0119, jako specjali\u015bci z transportu i logistyki.<\/p>\n<p>* Udziela\u0107 pierwsze\u0144stwa niezawodnym i sprawdzonym partnerom, kt\u00f3rym s\u0105 znane nasze <a href=\"http:\/\/www.eskofracht.com\/pl\/partnerzy\/zasady-partnerstwa\/\">Zasady partnerstwa<\/a>.<\/p>\n<p>* Operatywnie i odpowiedzialnie reagowa\u0107 na wszelkie obawy, dotycz\u0105ce naszych operacji i dzia\u0142alno\u015bci w og\u00f3le.<\/p>\n<p>* Zrezygnowa\u0107 z czynno\u015bci, sprzecznych z prawem i\/lub etyk\u0105 przedsi\u0119biorczo\u015bci.<\/p>\n<p>&nbsp;<\/p>\n<p><a href=\"http:\/\/www.eskofracht.com\/pl\/zasady-pracy\/jedno-okienko\">Jedno okienko<\/a>\u00a0\u00a0\u00a0\u00a0\u00a0 <a href=\"http:\/\/www.eskofracht.com\/pl\/zasady-pracy\/technologie-informacyjne\">Technologie informacyjne<\/a>\u00a0\u00a0\u00a0\u00a0\u00a0 <a href=\"http:\/\/www.eskofracht.com\/pl\/zasady-pracy\/kontrola-jakosci\/\">Kontrola jako\u015bci<\/a><\/p>\n","protected":false},"excerpt":{"rendered":"<p>Udzielaj\u0105c us\u0142ug zarz\u0105dcom \u0142a\u0144cuch\u00f3w logistycznych zobowi\u0105zujemy si\u0119: * D\u0105\u017cy\u0107 do maksymalnej realizacji potrzeb Zleceniodawcy na wszystkich etapach przewozu \u0142adunk\u00f3w. * Uczy\u0107 si\u0119 i polepsza\u0107 swoj\u0105 kwalifikacj\u0119, jako specjali\u015bci z transportu [&hellip;]<\/p>\n","protected":false},"author":3,"featured_media":0,"parent":311,"menu_order":20,"comment_status":"closed","ping_status":"closed","template":"puslapis-forma.php","meta":{"footnotes":""},"class_list":["post-299","page","type-page","status-publish","hentry"],"_links":{"self":[{"href":"https:\/\/www.eskofracht.com\/pl\/wp-json\/wp\/v2\/pages\/299","targetHints":{"allow":["GET"]}}],"collection":[{"href":"https:\/\/www.eskofracht.com\/pl\/wp-json\/wp\/v2\/pages"}],"about":[{"href":"https:\/\/www.eskofracht.com\/pl\/wp-json\/wp\/v2\/types\/page"}],"author":[{"embeddable":true,"href":"https:\/\/www.eskofracht.com\/pl\/wp-json\/wp\/v2\/users\/3"}],"replies":[{"embeddable":true,"href":"https:\/\/www.eskofracht.com\/pl\/wp-json\/wp\/v2\/comments?post=299"}],"version-history":[{"count":1,"href":"https:\/\/www.eskofracht.com\/pl\/wp-json\/wp\/v2\/pages\/299\/revisions"}],"predecessor-version":[{"id":301,"href":"https:\/\/www.eskofracht.com\/pl\/wp-json\/wp\/v2\/pages\/299\/revisions\/301"}],"up":[{"embeddable":true,"href":"https:\/\/www.eskofracht.com\/pl\/wp-json\/wp\/v2\/pages\/311"}],"wp:attachment":[{"href":"https:\/\/www.eskofracht.com\/pl\/wp-json\/wp\/v2\/media?parent=299"}],"curies":[{"name":"wp","href":"https:\/\/api.w.org\/{rel}","templated":true}]}}