{"id":302,"date":"2013-03-10T22:01:09","date_gmt":"2013-03-10T20:01:09","guid":{"rendered":"http:\/\/www.eskofracht.com\/?page_id=302"},"modified":"2013-03-10T22:01:09","modified_gmt":"2013-03-10T20:01:09","slug":"jedno-okienko","status":"publish","type":"page","link":"https:\/\/www.eskofracht.com\/pl\/firma\/zasady-pracy\/jedno-okienko\/","title":{"rendered":"Jedno okienko"},"content":{"rendered":"<p>Specjalista ds. logistyki Zleceniodawcy o wszelkich kwestiach dyskutuje z naszym pracownikiem, kt\u00f3ry posiada niezb\u0119dn\u0105 kwalifikacj\u0119, jest odpowiednio przeszkolony i ma wszelkie upowa\u017cnienia do rozwi\u0105zywania zada\u0144, powsta\u0142ych podczas realizacji zam\u00f3wienia oraz p\u00f3\u017aniej.<\/p>\n","protected":false},"excerpt":{"rendered":"<p>Specjalista ds. logistyki Zleceniodawcy o wszelkich kwestiach dyskutuje z naszym pracownikiem, kt\u00f3ry posiada niezb\u0119dn\u0105 kwalifikacj\u0119, jest odpowiednio przeszkolony i ma wszelkie upowa\u017cnienia do rozwi\u0105zywania zada\u0144, powsta\u0142ych podczas realizacji zam\u00f3wienia oraz [&hellip;]<\/p>\n","protected":false},"author":3,"featured_media":0,"parent":299,"menu_order":10,"comment_status":"closed","ping_status":"closed","template":"puslapis-forma.php","meta":{"footnotes":""},"class_list":["post-302","page","type-page","status-publish","hentry"],"_links":{"self":[{"href":"https:\/\/www.eskofracht.com\/pl\/wp-json\/wp\/v2\/pages\/302","targetHints":{"allow":["GET"]}}],"collection":[{"href":"https:\/\/www.eskofracht.com\/pl\/wp-json\/wp\/v2\/pages"}],"about":[{"href":"https:\/\/www.eskofracht.com\/pl\/wp-json\/wp\/v2\/types\/page"}],"author":[{"embeddable":true,"href":"https:\/\/www.eskofracht.com\/pl\/wp-json\/wp\/v2\/users\/3"}],"replies":[{"embeddable":true,"href":"https:\/\/www.eskofracht.com\/pl\/wp-json\/wp\/v2\/comments?post=302"}],"version-history":[{"count":0,"href":"https:\/\/www.eskofracht.com\/pl\/wp-json\/wp\/v2\/pages\/302\/revisions"}],"up":[{"embeddable":true,"href":"https:\/\/www.eskofracht.com\/pl\/wp-json\/wp\/v2\/pages\/299"}],"wp:attachment":[{"href":"https:\/\/www.eskofracht.com\/pl\/wp-json\/wp\/v2\/media?parent=302"}],"curies":[{"name":"wp","href":"https:\/\/api.w.org\/{rel}","templated":true}]}}