{"id":303,"date":"2013-03-10T22:02:22","date_gmt":"2013-03-10T20:02:22","guid":{"rendered":"http:\/\/www.eskofracht.com\/?page_id=303"},"modified":"2013-03-10T22:02:22","modified_gmt":"2013-03-10T20:02:22","slug":"technologie-informacyjne","status":"publish","type":"page","link":"https:\/\/www.eskofracht.com\/pl\/firma\/zasady-pracy\/technologie-informacyjne\/","title":{"rendered":"Technologie informacyjne"},"content":{"rendered":"<p>Wszystkie nasze operacje s\u0105 rejestrowane w szczeg\u00f3\u0142owej bazie danych, opartej na specjalnie w tym celu utworzonych programach. Zawsze wiemy, co i kiedy si\u0119 sta\u0142o, dlatego mo\u017cemy poda\u0107 dla Pa\u0144stwa sprawozdanie wraz z potrzebn\u0105 nomenklatur\u0105 informacyjn\u0105.<\/p>\n","protected":false},"excerpt":{"rendered":"<p>Wszystkie nasze operacje s\u0105 rejestrowane w szczeg\u00f3\u0142owej bazie danych, opartej na specjalnie w tym celu utworzonych programach. Zawsze wiemy, co i kiedy si\u0119 sta\u0142o, dlatego mo\u017cemy poda\u0107 dla Pa\u0144stwa sprawozdanie [&hellip;]<\/p>\n","protected":false},"author":3,"featured_media":0,"parent":299,"menu_order":20,"comment_status":"closed","ping_status":"closed","template":"puslapis-forma.php","meta":{"footnotes":""},"class_list":["post-303","page","type-page","status-publish","hentry"],"_links":{"self":[{"href":"https:\/\/www.eskofracht.com\/pl\/wp-json\/wp\/v2\/pages\/303","targetHints":{"allow":["GET"]}}],"collection":[{"href":"https:\/\/www.eskofracht.com\/pl\/wp-json\/wp\/v2\/pages"}],"about":[{"href":"https:\/\/www.eskofracht.com\/pl\/wp-json\/wp\/v2\/types\/page"}],"author":[{"embeddable":true,"href":"https:\/\/www.eskofracht.com\/pl\/wp-json\/wp\/v2\/users\/3"}],"replies":[{"embeddable":true,"href":"https:\/\/www.eskofracht.com\/pl\/wp-json\/wp\/v2\/comments?post=303"}],"version-history":[{"count":0,"href":"https:\/\/www.eskofracht.com\/pl\/wp-json\/wp\/v2\/pages\/303\/revisions"}],"up":[{"embeddable":true,"href":"https:\/\/www.eskofracht.com\/pl\/wp-json\/wp\/v2\/pages\/299"}],"wp:attachment":[{"href":"https:\/\/www.eskofracht.com\/pl\/wp-json\/wp\/v2\/media?parent=303"}],"curies":[{"name":"wp","href":"https:\/\/api.w.org\/{rel}","templated":true}]}}