{"id":304,"date":"2013-03-10T22:02:57","date_gmt":"2013-03-10T20:02:57","guid":{"rendered":"http:\/\/www.eskofracht.com\/?page_id=304"},"modified":"2013-03-10T22:02:57","modified_gmt":"2013-03-10T20:02:57","slug":"kontrola-jakosci","status":"publish","type":"page","link":"https:\/\/www.eskofracht.com\/pl\/firma\/zasady-pracy\/kontrola-jakosci\/","title":{"rendered":"Kontrola jako\u015bci"},"content":{"rendered":"<p>Kontrola jako\u015bci us\u0142ug jest realizowana poprzez rozwi\u0105zanie kompleksowe: zestaw procedur pisemnych i instrukcji wskazuje na odpowiednie zachowanie, regularna ocena dzia\u0142a\u0144 pracownik\u00f3w zapewnia spe\u0142nienie wymaga\u0144, monitoring operacji partner\u00f3w udziela mo\u017cliwo\u015b\u0107 do kontrolowania jako\u015bci na wszystkich etapach procesu przewozu \u0142adunku.<\/p>\n","protected":false},"excerpt":{"rendered":"<p>Kontrola jako\u015bci us\u0142ug jest realizowana poprzez rozwi\u0105zanie kompleksowe: zestaw procedur pisemnych i instrukcji wskazuje na odpowiednie zachowanie, regularna ocena dzia\u0142a\u0144 pracownik\u00f3w zapewnia spe\u0142nienie wymaga\u0144, monitoring operacji partner\u00f3w udziela mo\u017cliwo\u015b\u0107 do [&hellip;]<\/p>\n","protected":false},"author":3,"featured_media":0,"parent":299,"menu_order":30,"comment_status":"closed","ping_status":"closed","template":"puslapis-forma.php","meta":{"footnotes":""},"class_list":["post-304","page","type-page","status-publish","hentry"],"_links":{"self":[{"href":"https:\/\/www.eskofracht.com\/pl\/wp-json\/wp\/v2\/pages\/304","targetHints":{"allow":["GET"]}}],"collection":[{"href":"https:\/\/www.eskofracht.com\/pl\/wp-json\/wp\/v2\/pages"}],"about":[{"href":"https:\/\/www.eskofracht.com\/pl\/wp-json\/wp\/v2\/types\/page"}],"author":[{"embeddable":true,"href":"https:\/\/www.eskofracht.com\/pl\/wp-json\/wp\/v2\/users\/3"}],"replies":[{"embeddable":true,"href":"https:\/\/www.eskofracht.com\/pl\/wp-json\/wp\/v2\/comments?post=304"}],"version-history":[{"count":0,"href":"https:\/\/www.eskofracht.com\/pl\/wp-json\/wp\/v2\/pages\/304\/revisions"}],"up":[{"embeddable":true,"href":"https:\/\/www.eskofracht.com\/pl\/wp-json\/wp\/v2\/pages\/299"}],"wp:attachment":[{"href":"https:\/\/www.eskofracht.com\/pl\/wp-json\/wp\/v2\/media?parent=304"}],"curies":[{"name":"wp","href":"https:\/\/api.w.org\/{rel}","templated":true}]}}