{"id":305,"date":"2013-03-10T22:09:36","date_gmt":"2013-03-10T20:09:36","guid":{"rendered":"http:\/\/www.eskofracht.com\/?page_id=305"},"modified":"2014-03-31T19:07:16","modified_gmt":"2014-03-31T16:07:16","slug":"ubezpieczona-odpowiedzialnosc","status":"publish","type":"page","link":"https:\/\/www.eskofracht.com\/pl\/firma\/ubezpieczona-odpowiedzialnosc\/","title":{"rendered":"Ubezpieczona odpowiedzialno\u015b\u0107"},"content":{"rendered":"<p><a href=\"http:\/\/www.eskofracht.com\/wp-content\/uploads\/esko_insurance_eng.jpg\"><img loading=\"lazy\" decoding=\"async\" class=\"alignleft colorbox-305\" style=\"margin-right: 20px;\" title=\"Certyfikat ubezpieczenia od odpowiedzialno\u015bci zawodowej (2013-2014)\" alt=\"Certyfikat ubezpieczenia od odpowiedzialno\u015bci zawodowej (2013-2014)\" src=\"http:\/\/www.eskofracht.com\/wp-content\/uploads\/esko_insurance_eng-176x250.jpg\" width=\"106\" height=\"150\" \/><\/a>Zawodowa odpowiedzialno\u015b\u0107 cywilna\u00a0UAB \u2018Eskofracht\u2019 jest ubezpieczona w niderlandzkich sp\u00f3\u0142kach ubezpieczeniowych. Ochrona ubezpieczeniowa jest wa\u017cna na ca\u0142ym \u015bwiecie. Maksymalna wyp\u0142ata wynosi 500\u2019000 euro (1\u2019726\u2019400 lit\u00f3w). Umowa zosta\u0142a zawarta za po\u015brednictwem\u00a0<a title=\"Sprawd\u017acie wa\u017cno\u015b\u0107 umowy ubezpieczeniowej\" href=\"http:\/\/www.aon.com\/lithuania\/\" target=\"_blank\">UADBB AON Baltic<\/a> i jest wa\u017cna do dnia 31 marca 2015 r. w\u0142\u0105cznie.<\/p>\n","protected":false},"excerpt":{"rendered":"<p>Zawodowa odpowiedzialno\u015b\u0107 cywilna\u00a0UAB \u2018Eskofracht\u2019 jest ubezpieczona w niderlandzkich sp\u00f3\u0142kach ubezpieczeniowych. Ochrona ubezpieczeniowa jest wa\u017cna na ca\u0142ym \u015bwiecie. Maksymalna wyp\u0142ata wynosi 500\u2019000 euro (1\u2019726\u2019400 lit\u00f3w). Umowa zosta\u0142a zawarta za po\u015brednictwem\u00a0UADBB AON [&hellip;]<\/p>\n","protected":false},"author":3,"featured_media":0,"parent":311,"menu_order":40,"comment_status":"closed","ping_status":"closed","template":"puslapis-forma.php","meta":{"footnotes":""},"class_list":["post-305","page","type-page","status-publish","hentry"],"_links":{"self":[{"href":"https:\/\/www.eskofracht.com\/pl\/wp-json\/wp\/v2\/pages\/305","targetHints":{"allow":["GET"]}}],"collection":[{"href":"https:\/\/www.eskofracht.com\/pl\/wp-json\/wp\/v2\/pages"}],"about":[{"href":"https:\/\/www.eskofracht.com\/pl\/wp-json\/wp\/v2\/types\/page"}],"author":[{"embeddable":true,"href":"https:\/\/www.eskofracht.com\/pl\/wp-json\/wp\/v2\/users\/3"}],"replies":[{"embeddable":true,"href":"https:\/\/www.eskofracht.com\/pl\/wp-json\/wp\/v2\/comments?post=305"}],"version-history":[{"count":1,"href":"https:\/\/www.eskofracht.com\/pl\/wp-json\/wp\/v2\/pages\/305\/revisions"}],"predecessor-version":[{"id":306,"href":"https:\/\/www.eskofracht.com\/pl\/wp-json\/wp\/v2\/pages\/305\/revisions\/306"}],"up":[{"embeddable":true,"href":"https:\/\/www.eskofracht.com\/pl\/wp-json\/wp\/v2\/pages\/311"}],"wp:attachment":[{"href":"https:\/\/www.eskofracht.com\/pl\/wp-json\/wp\/v2\/media?parent=305"}],"curies":[{"name":"wp","href":"https:\/\/api.w.org\/{rel}","templated":true}]}}