{"id":314,"date":"2013-03-10T22:45:09","date_gmt":"2013-03-10T20:45:09","guid":{"rendered":"http:\/\/www.eskofracht.com\/?page_id=314"},"modified":"2013-03-11T00:09:15","modified_gmt":"2013-03-10T22:09:15","slug":"ladunki-zwykle","status":"publish","type":"page","link":"https:\/\/www.eskofracht.com\/pl\/uslugi\/ladunki-zwykle\/","title":{"rendered":"\u0141adunki zwyk\u0142e"},"content":{"rendered":"<p>* I du\u017ce potoki pe\u0142nych \u0142adunk\u00f3w, i pojedyncze niedu\u017ce zam\u00f3wienia.<\/p>\n<p>&nbsp;<\/p>\n<p>* Wiemy, czym s\u0105 Wska\u017aniki realizacji (Key Performance Indicators).<\/p>\n<p>&nbsp;<\/p>\n<p>* Europa &lt;\u2013&gt; Kraje Ba\u0142tyckie \/ Polska &lt;\u2013&gt; Kraje WNP.<\/p>\n<p>&nbsp;<\/p>\n<p>* \u015arodki transportowe w odpowiednim stanie: przyczepy plandekowe, wielkoobj\u0119to\u015bciowe i in.<\/p>\n<p>&nbsp;<\/p>\n<p>* Do\u015bwiadczenie w zakresie przewozu produkt\u00f3w \u017cywno\u015bciowych, surowc\u00f3w i innych towar\u00f3w.<\/p>\n<p>&nbsp;<\/p>\n<p><a title=\"Skontaktujcie si\u0119 z Kierownikiem oddzia\u0142u klient\u00f3w\" href=\"http:\/\/www.eskofracht.com\/pl\/kontakty\/kontakty-dla-klientow\/\">Skontaktujcie si\u0119 z Kierownikiem oddzia\u0142u klient\u00f3w<\/a><\/p>\n","protected":false},"excerpt":{"rendered":"<p>* I du\u017ce potoki pe\u0142nych \u0142adunk\u00f3w, i pojedyncze niedu\u017ce zam\u00f3wienia. &nbsp; * Wiemy, czym s\u0105 Wska\u017aniki realizacji (Key Performance Indicators). &nbsp; * Europa &lt;\u2013&gt; Kraje Ba\u0142tyckie \/ Polska &lt;\u2013&gt; Kraje [&hellip;]<\/p>\n","protected":false},"author":3,"featured_media":0,"parent":320,"menu_order":10,"comment_status":"closed","ping_status":"closed","template":"puslapis-forma.php","meta":{"footnotes":""},"class_list":["post-314","page","type-page","status-publish","hentry"],"_links":{"self":[{"href":"https:\/\/www.eskofracht.com\/pl\/wp-json\/wp\/v2\/pages\/314","targetHints":{"allow":["GET"]}}],"collection":[{"href":"https:\/\/www.eskofracht.com\/pl\/wp-json\/wp\/v2\/pages"}],"about":[{"href":"https:\/\/www.eskofracht.com\/pl\/wp-json\/wp\/v2\/types\/page"}],"author":[{"embeddable":true,"href":"https:\/\/www.eskofracht.com\/pl\/wp-json\/wp\/v2\/users\/3"}],"replies":[{"embeddable":true,"href":"https:\/\/www.eskofracht.com\/pl\/wp-json\/wp\/v2\/comments?post=314"}],"version-history":[{"count":1,"href":"https:\/\/www.eskofracht.com\/pl\/wp-json\/wp\/v2\/pages\/314\/revisions"}],"predecessor-version":[{"id":315,"href":"https:\/\/www.eskofracht.com\/pl\/wp-json\/wp\/v2\/pages\/314\/revisions\/315"}],"up":[{"embeddable":true,"href":"https:\/\/www.eskofracht.com\/pl\/wp-json\/wp\/v2\/pages\/320"}],"wp:attachment":[{"href":"https:\/\/www.eskofracht.com\/pl\/wp-json\/wp\/v2\/media?parent=314"}],"curies":[{"name":"wp","href":"https:\/\/api.w.org\/{rel}","templated":true}]}}