{"id":316,"date":"2013-03-10T22:55:06","date_gmt":"2013-03-10T20:55:06","guid":{"rendered":"http:\/\/www.eskofracht.com\/?page_id=316"},"modified":"2013-03-11T00:08:16","modified_gmt":"2013-03-10T22:08:16","slug":"ladunki-temperaturowe","status":"publish","type":"page","link":"https:\/\/www.eskofracht.com\/pl\/uslugi\/ladunki-temperaturowe\/","title":{"rendered":"\u0141adunki temperaturowe"},"content":{"rendered":"<p>* I du\u017ce potoki pe\u0142nych \u0142adunk\u00f3w, i pojedyncze niedu\u017ce zam\u00f3wienia.<\/p>\n<p>&nbsp;<\/p>\n<p>* Europa &lt;\u2013&gt; Kraje Ba\u0142tyckie \/ Polska &lt;\u2013&gt; Kraje WNP.<\/p>\n<p>&nbsp;<\/p>\n<p>* Pracy w systemach logistycznych z wymogami precyzyjnego dostawy (JIT).<\/p>\n<p>&nbsp;<\/p>\n<p>* Wieloletnie do\u015bwiadczenie w zakresie przewozu produkt\u00f3w \u017cywno\u015bciowych, napoj\u00f3w alkoholowych, niekt\u00f3rych surowc\u00f3w i innych towar\u00f3w, wymagaj\u0105cych kontroli temperaturowej.<\/p>\n<p>&nbsp;<\/p>\n<p>&nbsp;<\/p>\n<p><a title=\"Skontaktujcie si\u0119 z Kierownikiem oddzia\u0142u klient\u00f3w\" href=\"http:\/\/www.eskofracht.com\/pl\/kontakty\/kontakty-dla-klientow\/\">Skontaktujcie si\u0119 z Kierownikiem oddzia\u0142u klient\u00f3w<\/a><\/p>\n","protected":false},"excerpt":{"rendered":"<p>* I du\u017ce potoki pe\u0142nych \u0142adunk\u00f3w, i pojedyncze niedu\u017ce zam\u00f3wienia. &nbsp; * Europa &lt;\u2013&gt; Kraje Ba\u0142tyckie \/ Polska &lt;\u2013&gt; Kraje WNP. &nbsp; * Pracy w systemach logistycznych z wymogami precyzyjnego [&hellip;]<\/p>\n","protected":false},"author":3,"featured_media":0,"parent":320,"menu_order":20,"comment_status":"closed","ping_status":"closed","template":"puslapis-forma.php","meta":{"footnotes":""},"class_list":["post-316","page","type-page","status-publish","hentry"],"_links":{"self":[{"href":"https:\/\/www.eskofracht.com\/pl\/wp-json\/wp\/v2\/pages\/316","targetHints":{"allow":["GET"]}}],"collection":[{"href":"https:\/\/www.eskofracht.com\/pl\/wp-json\/wp\/v2\/pages"}],"about":[{"href":"https:\/\/www.eskofracht.com\/pl\/wp-json\/wp\/v2\/types\/page"}],"author":[{"embeddable":true,"href":"https:\/\/www.eskofracht.com\/pl\/wp-json\/wp\/v2\/users\/3"}],"replies":[{"embeddable":true,"href":"https:\/\/www.eskofracht.com\/pl\/wp-json\/wp\/v2\/comments?post=316"}],"version-history":[{"count":1,"href":"https:\/\/www.eskofracht.com\/pl\/wp-json\/wp\/v2\/pages\/316\/revisions"}],"predecessor-version":[{"id":327,"href":"https:\/\/www.eskofracht.com\/pl\/wp-json\/wp\/v2\/pages\/316\/revisions\/327"}],"up":[{"embeddable":true,"href":"https:\/\/www.eskofracht.com\/pl\/wp-json\/wp\/v2\/pages\/320"}],"wp:attachment":[{"href":"https:\/\/www.eskofracht.com\/pl\/wp-json\/wp\/v2\/media?parent=316"}],"curies":[{"name":"wp","href":"https:\/\/api.w.org\/{rel}","templated":true}]}}