{"id":318,"date":"2013-03-10T22:56:54","date_gmt":"2013-03-10T20:56:54","guid":{"rendered":"http:\/\/www.eskofracht.com\/?page_id=318"},"modified":"2013-03-11T00:08:12","modified_gmt":"2013-03-10T22:08:12","slug":"produkty-zywnosciowy","status":"publish","type":"page","link":"https:\/\/www.eskofracht.com\/pl\/uslugi\/produkty-zywnosciowy\/","title":{"rendered":"Przew\u00f3z produkt\u00f3w \u017cywno\u015bciowych"},"content":{"rendered":"<p>Przez wiele lat wsp\u00f3\u0142pracujemy ze Zleceniodawcami, kt\u00f3rych dzia\u0142alno\u015b\u0107 dotyczy produkcji i\/lub handlu produktami \u017cywno\u015bciowymi, poznali\u015bmy subtelno\u015bci przewozu \u0142adunk\u00f3w danego rodzaju. Rozumiemy odpowiedzialno\u015b\u0107 wszystkich uczestnik\u00f3w \u0142a\u0144cucha dostarczenia przed ko\u0144cowym konsumentem.<\/p>\n<p>&nbsp;<\/p>\n<p>&nbsp;<\/p>\n<p>&nbsp;<\/p>\n<p>&nbsp;<\/p>\n<p>&nbsp;<\/p>\n<p>&nbsp;<\/p>\n<p><a title=\"Skontaktujcie si\u0119 z Kierownikiem oddzia\u0142u klient\u00f3w\" href=\"http:\/\/www.eskofracht.com\/pl\/kontakty\/kontakty-dla-klientow\/\">Skontaktujcie si\u0119 z Kierownikiem oddzia\u0142u klient\u00f3w<\/a><\/p>\n","protected":false},"excerpt":{"rendered":"<p>Przez wiele lat wsp\u00f3\u0142pracujemy ze Zleceniodawcami, kt\u00f3rych dzia\u0142alno\u015b\u0107 dotyczy produkcji i\/lub handlu produktami \u017cywno\u015bciowymi, poznali\u015bmy subtelno\u015bci przewozu \u0142adunk\u00f3w danego rodzaju. Rozumiemy odpowiedzialno\u015b\u0107 wszystkich uczestnik\u00f3w \u0142a\u0144cucha dostarczenia przed ko\u0144cowym konsumentem. &nbsp; [&hellip;]<\/p>\n","protected":false},"author":3,"featured_media":0,"parent":320,"menu_order":30,"comment_status":"closed","ping_status":"closed","template":"puslapis-forma.php","meta":{"footnotes":""},"class_list":["post-318","page","type-page","status-publish","hentry"],"_links":{"self":[{"href":"https:\/\/www.eskofracht.com\/pl\/wp-json\/wp\/v2\/pages\/318","targetHints":{"allow":["GET"]}}],"collection":[{"href":"https:\/\/www.eskofracht.com\/pl\/wp-json\/wp\/v2\/pages"}],"about":[{"href":"https:\/\/www.eskofracht.com\/pl\/wp-json\/wp\/v2\/types\/page"}],"author":[{"embeddable":true,"href":"https:\/\/www.eskofracht.com\/pl\/wp-json\/wp\/v2\/users\/3"}],"replies":[{"embeddable":true,"href":"https:\/\/www.eskofracht.com\/pl\/wp-json\/wp\/v2\/comments?post=318"}],"version-history":[{"count":0,"href":"https:\/\/www.eskofracht.com\/pl\/wp-json\/wp\/v2\/pages\/318\/revisions"}],"up":[{"embeddable":true,"href":"https:\/\/www.eskofracht.com\/pl\/wp-json\/wp\/v2\/pages\/320"}],"wp:attachment":[{"href":"https:\/\/www.eskofracht.com\/pl\/wp-json\/wp\/v2\/media?parent=318"}],"curies":[{"name":"wp","href":"https:\/\/api.w.org\/{rel}","templated":true}]}}