{"id":319,"date":"2013-03-10T23:00:21","date_gmt":"2013-03-10T21:00:21","guid":{"rendered":"http:\/\/www.eskofracht.com\/?page_id=319"},"modified":"2013-03-11T01:01:18","modified_gmt":"2013-03-10T23:01:18","slug":"ubezpieczenie-ladunkow","status":"publish","type":"page","link":"https:\/\/www.eskofracht.com\/pl\/uslugi\/ubezpieczenie-ladunkow\/","title":{"rendered":"Ubezpieczenie \u0142adunk\u00f3w"},"content":{"rendered":"<p>\u0141adunki o du\u017cej warto\u015bci, przew\u00f3z kt\u00f3rych organizujemy, mog\u0105 by\u0107 dodatkowo ubezpieczone w niderlandzkich sp\u00f3\u0142kach ubezpieczeniowych przed utrat\u0105 i ca\u0142kowitym lub cz\u0119\u015bciowym zniszczeniem. W przypadku, gdy Zleceniodawca zawiadomi nas o takiej potrzebie, poprosimy odpowiedzie\u0107 na kilka nietrudnych pyta\u0144. Dana informacja b\u0119dzie zastosowana tylko w celu przygotowania umowy oraz przekazana tylko ubezpieczycielowi lub jego przedstawicielowi.<\/p>\n<p>&nbsp;<\/p>\n<p>O potrzebie ubezpieczenia \u0142adunki prosimy poinformowa\u0107 pracownika \u2018Eskofracht\u2019, kt\u00f3ry Pa\u0144stwo obs\u0142uguje.<\/p>\n<p>&nbsp;<\/p>\n<p>&nbsp;<\/p>\n<p><a title=\"Skontaktujcie si\u0119 z Kierownikiem oddzia\u0142u klient\u00f3w\" href=\"http:\/\/www.eskofracht.com\/pl\/kontakty\/kontakty-dla-klientow\/\">Skontaktujcie si\u0119 z Kierownikiem oddzia\u0142u klient\u00f3w<\/a><\/p>\n","protected":false},"excerpt":{"rendered":"<p>\u0141adunki o du\u017cej warto\u015bci, przew\u00f3z kt\u00f3rych organizujemy, mog\u0105 by\u0107 dodatkowo ubezpieczone w niderlandzkich sp\u00f3\u0142kach ubezpieczeniowych przed utrat\u0105 i ca\u0142kowitym lub cz\u0119\u015bciowym zniszczeniem. W przypadku, gdy Zleceniodawca zawiadomi nas o takiej [&hellip;]<\/p>\n","protected":false},"author":3,"featured_media":0,"parent":320,"menu_order":40,"comment_status":"closed","ping_status":"closed","template":"puslapis-forma.php","meta":{"footnotes":""},"class_list":["post-319","page","type-page","status-publish","hentry"],"_links":{"self":[{"href":"https:\/\/www.eskofracht.com\/pl\/wp-json\/wp\/v2\/pages\/319","targetHints":{"allow":["GET"]}}],"collection":[{"href":"https:\/\/www.eskofracht.com\/pl\/wp-json\/wp\/v2\/pages"}],"about":[{"href":"https:\/\/www.eskofracht.com\/pl\/wp-json\/wp\/v2\/types\/page"}],"author":[{"embeddable":true,"href":"https:\/\/www.eskofracht.com\/pl\/wp-json\/wp\/v2\/users\/3"}],"replies":[{"embeddable":true,"href":"https:\/\/www.eskofracht.com\/pl\/wp-json\/wp\/v2\/comments?post=319"}],"version-history":[{"count":0,"href":"https:\/\/www.eskofracht.com\/pl\/wp-json\/wp\/v2\/pages\/319\/revisions"}],"up":[{"embeddable":true,"href":"https:\/\/www.eskofracht.com\/pl\/wp-json\/wp\/v2\/pages\/320"}],"wp:attachment":[{"href":"https:\/\/www.eskofracht.com\/pl\/wp-json\/wp\/v2\/media?parent=319"}],"curies":[{"name":"wp","href":"https:\/\/api.w.org\/{rel}","templated":true}]}}