{"id":320,"date":"2013-03-10T23:03:17","date_gmt":"2013-03-10T21:03:17","guid":{"rendered":"http:\/\/www.eskofracht.com\/?page_id=320"},"modified":"2013-03-10T23:07:55","modified_gmt":"2013-03-10T21:07:55","slug":"uslugi","status":"publish","type":"page","link":"https:\/\/www.eskofracht.com\/pl\/uslugi\/","title":{"rendered":"Us\u0142ugi"},"content":{"rendered":"<ul>\n<li>\u00a0<a href=\"http:\/\/www.eskofracht.com\/pl\/uslugi\/ladunki-zwykle\/\">\u0141adunki zwyk\u0142e<\/a><\/li>\n<\/ul>\n<p>&nbsp;<\/p>\n<ul>\n<li>\u00a0<a href=\"http:\/\/www.eskofracht.com\/pl\/uslugi\/ladunki-temperaturowe\/\">\u0141adunki temperaturowe<\/a><\/li>\n<\/ul>\n<p>&nbsp;<\/p>\n<ul>\n<li>\u00a0<a href=\"http:\/\/www.eskofracht.com\/pl\/uslugi\/produkty-zywnosciowy\/\">Przew\u00f3z produkt\u00f3w \u017cywno\u015bciowych<\/a><\/li>\n<\/ul>\n<p>&nbsp;<\/p>\n<ul>\n<li>\u00a0<a href=\"http:\/\/www.eskofracht.com\/pl\/uslugi\/ubezpieczenie-ladunkow\/\">Ubezpieczenie \u0142adunk\u00f3w<\/a><\/li>\n<\/ul>\n","protected":false},"excerpt":{"rendered":"<p>\u00a0\u0141adunki zwyk\u0142e &nbsp; \u00a0\u0141adunki temperaturowe &nbsp; \u00a0Przew\u00f3z produkt\u00f3w \u017cywno\u015bciowych &nbsp; \u00a0Ubezpieczenie \u0142adunk\u00f3w<\/p>\n","protected":false},"author":3,"featured_media":0,"parent":0,"menu_order":20,"comment_status":"closed","ping_status":"closed","template":"","meta":{"footnotes":""},"class_list":["post-320","page","type-page","status-publish","hentry"],"_links":{"self":[{"href":"https:\/\/www.eskofracht.com\/pl\/wp-json\/wp\/v2\/pages\/320","targetHints":{"allow":["GET"]}}],"collection":[{"href":"https:\/\/www.eskofracht.com\/pl\/wp-json\/wp\/v2\/pages"}],"about":[{"href":"https:\/\/www.eskofracht.com\/pl\/wp-json\/wp\/v2\/types\/page"}],"author":[{"embeddable":true,"href":"https:\/\/www.eskofracht.com\/pl\/wp-json\/wp\/v2\/users\/3"}],"replies":[{"embeddable":true,"href":"https:\/\/www.eskofracht.com\/pl\/wp-json\/wp\/v2\/comments?post=320"}],"version-history":[{"count":1,"href":"https:\/\/www.eskofracht.com\/pl\/wp-json\/wp\/v2\/pages\/320\/revisions"}],"predecessor-version":[{"id":326,"href":"https:\/\/www.eskofracht.com\/pl\/wp-json\/wp\/v2\/pages\/320\/revisions\/326"}],"wp:attachment":[{"href":"https:\/\/www.eskofracht.com\/pl\/wp-json\/wp\/v2\/media?parent=320"}],"curies":[{"name":"wp","href":"https:\/\/api.w.org\/{rel}","templated":true}]}}