{"id":329,"date":"2013-03-10T23:20:20","date_gmt":"2013-03-10T21:20:20","guid":{"rendered":"http:\/\/www.eskofracht.com\/?page_id=329"},"modified":"2013-03-11T00:04:28","modified_gmt":"2013-03-10T22:04:28","slug":"kontakty-dla-klientow","status":"publish","type":"page","link":"https:\/\/www.eskofracht.com\/pl\/kontakty\/kontakty-dla-klientow\/","title":{"rendered":"Kontakty dla Klient\u00f3w"},"content":{"rendered":"<p>Zapraszamy specjalist\u00f3w, kt\u00f3rzy rozwi\u0105zuj\u0105 wielkie czy te\u017c nietrudne zadania transportu i logistyki, do skontaktowania si\u0119 z naszym Kierownikiem sprzeda\u017cy, wykorzystuj\u0105c nast\u0119puj\u0105ce dane kontaktowe. Zrobimy wszystko, co w naszych si\u0142ach.<\/p>\n<p>&nbsp;<\/p>\n<p>Tel. +370 5 2796444<\/p>\n<p>Tel. kom. +370 698 11252<\/p>\n<p>E-mail <a title=\"Skontaktujcie si\u0119 z Kierownikiem oddzia\u0142u klient\u00f3w\" href=\"mailto:info@eskofracht.com?subject=Wniosek o Kierownika oddzia\u0142u klient\u00f3w \" target=\"_blank\">info@eskofracht.com<\/a><\/p>\n<p>&nbsp;<\/p>\n<p><a title=\"Skontaktujcie si\u0119 z nami poprzez wype\u0142nienie danego formularza\" href=\"http:\/\/www.eskofracht.com\/pl\/kontakty\/piszcie-do-nas\/\">&#8230; lub wype\u0142nijcie nietrudny formularz<\/a><\/p>\n<p>&nbsp;<\/p>\n","protected":false},"excerpt":{"rendered":"<p>Zapraszamy specjalist\u00f3w, kt\u00f3rzy rozwi\u0105zuj\u0105 wielkie czy te\u017c nietrudne zadania transportu i logistyki, do skontaktowania si\u0119 z naszym Kierownikiem sprzeda\u017cy, wykorzystuj\u0105c nast\u0119puj\u0105ce dane kontaktowe. Zrobimy wszystko, co w naszych si\u0142ach. &nbsp; [&hellip;]<\/p>\n","protected":false},"author":3,"featured_media":0,"parent":328,"menu_order":10,"comment_status":"closed","ping_status":"closed","template":"puslapis-forma.php","meta":{"footnotes":""},"class_list":["post-329","page","type-page","status-publish","hentry"],"_links":{"self":[{"href":"https:\/\/www.eskofracht.com\/pl\/wp-json\/wp\/v2\/pages\/329","targetHints":{"allow":["GET"]}}],"collection":[{"href":"https:\/\/www.eskofracht.com\/pl\/wp-json\/wp\/v2\/pages"}],"about":[{"href":"https:\/\/www.eskofracht.com\/pl\/wp-json\/wp\/v2\/types\/page"}],"author":[{"embeddable":true,"href":"https:\/\/www.eskofracht.com\/pl\/wp-json\/wp\/v2\/users\/3"}],"replies":[{"embeddable":true,"href":"https:\/\/www.eskofracht.com\/pl\/wp-json\/wp\/v2\/comments?post=329"}],"version-history":[{"count":1,"href":"https:\/\/www.eskofracht.com\/pl\/wp-json\/wp\/v2\/pages\/329\/revisions"}],"predecessor-version":[{"id":330,"href":"https:\/\/www.eskofracht.com\/pl\/wp-json\/wp\/v2\/pages\/329\/revisions\/330"}],"up":[{"embeddable":true,"href":"https:\/\/www.eskofracht.com\/pl\/wp-json\/wp\/v2\/pages\/328"}],"wp:attachment":[{"href":"https:\/\/www.eskofracht.com\/pl\/wp-json\/wp\/v2\/media?parent=329"}],"curies":[{"name":"wp","href":"https:\/\/api.w.org\/{rel}","templated":true}]}}