{"id":333,"date":"2013-03-10T23:41:32","date_gmt":"2013-03-10T21:41:32","guid":{"rendered":"http:\/\/www.eskofracht.com\/?page_id=333"},"modified":"2020-06-04T17:44:08","modified_gmt":"2020-06-04T14:44:08","slug":"rekwizyty","status":"publish","type":"page","link":"https:\/\/www.eskofracht.com\/pl\/kontakty\/rekwizyty\/","title":{"rendered":"Rekwizyty"},"content":{"rendered":"<p><strong>UAB &#8222;ESKOFRACHT&#8221;<\/strong><\/p>\n<p>Data rejestracji 06.03.2002 r.<\/p>\n<p>Zarz\u0105dca Rejestru <a title=\"Dowiedzcie si\u0119 o \u2018Eskofracht\u2019 na stronie Centrum Rejestr\u00f3w\" href=\"http:\/\/www.registrucentras.lt\/index_en.php\" target=\"_blank\" rel=\"noopener noreferrer\">Przedsi\u0119biorstwo Pa\u0144stwowe Centrum Rejestr\u00f3w Oddzia\u0142 w Wilnie<\/a>.<\/p>\n<table border=\"0\" width=\"600\" cellspacing=\"0\" cellpadding=\"0\">\n<colgroup>\n<col span=\"2\" width=\"&quot;300\" \/> <\/colgroup>\n<tbody>\n<tr>\n<td width=\"300\" height=\"17\">&nbsp;<\/p>\n<p><span style=\"color: #c0c0c0;\">Numer rejestracyjny<\/span>\u00a0<a title=\"Dowiedzcie si\u0119 o \u2018Eskofracht\u2019 na stronie Centrum Rejestr\u00f3w\" href=\"http:\/\/www.registrucentras.lt\/jar_p_en\/index.php?pav=&amp;kod=125942018&amp;sav=&amp;sta=&amp;for=&amp;p=1\" target=\"_blank\" rel=\"noopener noreferrer\">125942018<\/a> \u00a0 \u00a0 <a href=\"http:\/\/www.eskofracht.com\/wp-content\/uploads\/esko_certificate_eng.jpg\"><img loading=\"lazy\" decoding=\"async\" class=\" wp-image-205 alignnone colorbox-333\" style=\"border: 0px none; margin: 0px;\" title=\"Dokument rejestracyjny (2002)\" src=\"http:\/\/www.eskofracht.com\/wp-content\/uploads\/esko_certificate_eng-176x250.jpg\" alt=\"Dokument rejestracyjny (2002)\" width=\"8\" height=\"12\" \/><\/a><span style=\"color: #c0c0c0;\"><br \/>\nNumer VAT<\/span>\u00a0<a title=\"Sprawd\u017acie kod VAT na stronie Komisji Europejskiej\" href=\"http:\/\/ec.europa.eu\/taxation_customs\/vies\/\" target=\"_blank\" rel=\"noopener noreferrer\">LT259420113<\/a> \u00a0 \u00a0 <a href=\"http:\/\/www.eskofracht.com\/wp-content\/uploads\/esko_vat_eng.jpg\"><img loading=\"lazy\" decoding=\"async\" class=\" wp-image-204 alignnone colorbox-333\" style=\"border: 0px none; margin: 0px;\" title=\"Certyfikat rejestracji podatnika VAT (2009)\" src=\"http:\/\/www.eskofracht.com\/wp-content\/uploads\/esko_vat_eng-176x250.jpg\" alt=\"Certyfikat rejestracji podatnika VAT (2009)\" width=\"8\" height=\"12\" \/><\/a><span style=\"color: #c0c0c0;\"><br \/>\nAdres Ul. Verki\u0173 5, LT-08218 Wilno, Litwa<\/span><\/td>\n<td width=\"300\">&nbsp;<\/p>\n<p><span style=\"color: #c0c0c0;\">Tel. +370 5 2796444<br \/>\nFax +370 5 2755755<br \/>\nE-mail<\/span> <a title=\"Skontaktujcie si\u0119 z nami emailem\" href=\"mailto:info@eskofracht.com\" target=\"_blank\" rel=\"noopener noreferrer\">info@eskofracht.com<\/a><\/td>\n<\/tr>\n<\/tbody>\n<\/table>\n<p>&nbsp;<\/p>\n<p>Rachunek bankowy (tylko w euro):<\/p>\n<p><span style=\"color: #ff6600;\">Do 28.06.2020:<\/span><br \/>\nLT64 2140 0300 0276 3189 w litewskim oddziale banku Luminor Bank AS (SWIFT NDEALT2X)<br \/>\n<span style=\"color: #ff6600;\">Od 29.05.2020:<\/span><br \/>\nLT64 2140 0300 0276 3189 w litewskim oddziale banku Luminor Bank AS (SWIFT <span style=\"color: #ff6600;\"><strong>AGBLLT2X<\/strong><\/span>)<\/p>\n","protected":false},"excerpt":{"rendered":"<p>UAB &#8222;ESKOFRACHT&#8221; Data rejestracji 06.03.2002 r. Zarz\u0105dca Rejestru Przedsi\u0119biorstwo Pa\u0144stwowe Centrum Rejestr\u00f3w Oddzia\u0142 w Wilnie. &nbsp; Numer rejestracyjny\u00a0125942018 \u00a0 \u00a0 Numer VAT\u00a0LT259420113 \u00a0 \u00a0 Adres Ul. Verki\u0173 5, LT-08218 Wilno, [&hellip;]<\/p>\n","protected":false},"author":3,"featured_media":0,"parent":328,"menu_order":30,"comment_status":"closed","ping_status":"closed","template":"puslapis-forma.php","meta":{"footnotes":""},"class_list":["post-333","page","type-page","status-publish","hentry"],"_links":{"self":[{"href":"https:\/\/www.eskofracht.com\/pl\/wp-json\/wp\/v2\/pages\/333","targetHints":{"allow":["GET"]}}],"collection":[{"href":"https:\/\/www.eskofracht.com\/pl\/wp-json\/wp\/v2\/pages"}],"about":[{"href":"https:\/\/www.eskofracht.com\/pl\/wp-json\/wp\/v2\/types\/page"}],"author":[{"embeddable":true,"href":"https:\/\/www.eskofracht.com\/pl\/wp-json\/wp\/v2\/users\/3"}],"replies":[{"embeddable":true,"href":"https:\/\/www.eskofracht.com\/pl\/wp-json\/wp\/v2\/comments?post=333"}],"version-history":[{"count":1,"href":"https:\/\/www.eskofracht.com\/pl\/wp-json\/wp\/v2\/pages\/333\/revisions"}],"predecessor-version":[{"id":334,"href":"https:\/\/www.eskofracht.com\/pl\/wp-json\/wp\/v2\/pages\/333\/revisions\/334"}],"up":[{"embeddable":true,"href":"https:\/\/www.eskofracht.com\/pl\/wp-json\/wp\/v2\/pages\/328"}],"wp:attachment":[{"href":"https:\/\/www.eskofracht.com\/pl\/wp-json\/wp\/v2\/media?parent=333"}],"curies":[{"name":"wp","href":"https:\/\/api.w.org\/{rel}","templated":true}]}}