{"id":344,"date":"2013-03-11T00:13:07","date_gmt":"2013-03-10T22:13:07","guid":{"rendered":"http:\/\/www.eskofracht.com\/?page_id=344"},"modified":"2013-08-21T17:03:21","modified_gmt":"2013-08-21T14:03:21","slug":"zasady-partnerstwa","status":"publish","type":"page","link":"https:\/\/www.eskofracht.com\/pl\/partnerzy\/zasady-partnerstwa\/","title":{"rendered":"Zasady partnerstwa"},"content":{"rendered":"<p>\u2018Eskofracht\u2019 konsoliduje zasoby Przewo\u017anik\u00f3w, posiadaj\u0105cych r\u00f3\u017cne \u015brodki transportowe, m\u00f3wi\u0105cych na r\u00f3\u017cnych j\u0119zykach, dzia\u0142aj\u0105cych w r\u00f3\u017cnych krajach po to, aby wsp\u00f3lnie rozwi\u0105zywa\u0107 zadania logistyczne, stawiane przez Klient\u00f3w. Swoim Partnerom zobowi\u0105zujemy si\u0119:<\/p>\n<p>* <a title=\"Ocena kredytowa\" href=\"http:\/\/www.eskofracht.com\/pl\/firma\/ocena-kredytowa\/\">Uczciwie spe\u0142nia\u0107 zobowi\u0105zania umowne<\/a>;<\/p>\n<p>* D\u0105\u017cy\u0107 do d\u0142ugotrwa\u0142ej stabilnej wsp\u00f3\u0142pracy;<\/p>\n<p>* Udziela\u0107 pierwsze\u0144stwa pewnym i sprawdzonym Przewo\u017anikom;<\/p>\n<p>* Dzieli\u0107 si\u0119 pewn\u0105 i czasow\u0105 informacj\u0105;<\/p>\n<p>* O dpowiedzialnie reagowa\u0107 na wszelkie obawy, dotycz\u0105ce naszych operacji.<\/p>\n<p>&nbsp;<\/p>\n<p>Tego samego oczekujemy od naszych Partner\u00f3w.<\/p>\n","protected":false},"excerpt":{"rendered":"<p>\u2018Eskofracht\u2019 konsoliduje zasoby Przewo\u017anik\u00f3w, posiadaj\u0105cych r\u00f3\u017cne \u015brodki transportowe, m\u00f3wi\u0105cych na r\u00f3\u017cnych j\u0119zykach, dzia\u0142aj\u0105cych w r\u00f3\u017cnych krajach po to, aby wsp\u00f3lnie rozwi\u0105zywa\u0107 zadania logistyczne, stawiane przez Klient\u00f3w. Swoim Partnerom zobowi\u0105zujemy si\u0119: [&hellip;]<\/p>\n","protected":false},"author":3,"featured_media":0,"parent":343,"menu_order":10,"comment_status":"closed","ping_status":"closed","template":"puslapis-forma.php","meta":{"footnotes":""},"class_list":["post-344","page","type-page","status-publish","hentry"],"_links":{"self":[{"href":"https:\/\/www.eskofracht.com\/pl\/wp-json\/wp\/v2\/pages\/344","targetHints":{"allow":["GET"]}}],"collection":[{"href":"https:\/\/www.eskofracht.com\/pl\/wp-json\/wp\/v2\/pages"}],"about":[{"href":"https:\/\/www.eskofracht.com\/pl\/wp-json\/wp\/v2\/types\/page"}],"author":[{"embeddable":true,"href":"https:\/\/www.eskofracht.com\/pl\/wp-json\/wp\/v2\/users\/3"}],"replies":[{"embeddable":true,"href":"https:\/\/www.eskofracht.com\/pl\/wp-json\/wp\/v2\/comments?post=344"}],"version-history":[{"count":0,"href":"https:\/\/www.eskofracht.com\/pl\/wp-json\/wp\/v2\/pages\/344\/revisions"}],"up":[{"embeddable":true,"href":"https:\/\/www.eskofracht.com\/pl\/wp-json\/wp\/v2\/pages\/343"}],"wp:attachment":[{"href":"https:\/\/www.eskofracht.com\/pl\/wp-json\/wp\/v2\/media?parent=344"}],"curies":[{"name":"wp","href":"https:\/\/api.w.org\/{rel}","templated":true}]}}