{"id":345,"date":"2013-03-11T00:17:07","date_gmt":"2013-03-10T22:17:07","guid":{"rendered":"http:\/\/www.eskofracht.com\/?page_id=345"},"modified":"2013-03-11T00:34:38","modified_gmt":"2013-03-10T22:34:38","slug":"wymagania-wobec-przewoznikow","status":"publish","type":"page","link":"https:\/\/www.eskofracht.com\/pl\/partnerzy\/wymagania-wobec-przewoznikow\/","title":{"rendered":"Wymagania wobec Przewo\u017anik\u00f3w"},"content":{"rendered":"<p>D\u0105\u017c\u0105c do spe\u0142nienia wymaga\u0144 Standardu Obs\u0142ugi Klient\u00f3w, powinni\u015bmy starannie dobiera\u0107 Przewo\u017anik\u00f3w. Naszym partnerem mo\u017ce sta\u0107 si\u0119 Przewo\u017anik, kt\u00f3ry:<\/p>\n<p>&nbsp;<\/p>\n<p>* Ma bardzo dobr\u0105 reputacj\u0119 i jest znany jako niezawodny fachowiec;<\/p>\n<p>* Ma pewnych do\u015bwiadczonych kierowc\u00f3w oraz zapewnia mo\u017cliwo\u015b\u0107 skontaktowania si\u0119 z nimi;<\/p>\n<p>* Gwarantuje czasowe podanie dok\u0142adnej informacji;<\/p>\n<p>* Eksploatuje \u015brodki transportowe, kt\u00f3re s\u0105 w odpowiednim stanie;<\/p>\n<p>* Ma ubezpieczon\u0105 swoj\u0105 odpowiedzialno\u015b\u0107 zawodow\u0105.<\/p>\n<p>&nbsp;<\/p>\n<p>Zapraszamy do wsp\u00f3\u0142pracy Pprzewo\u017anik\u00f3w, kt\u00f3rym s\u0105 bliskie nasze <a title=\"Zapoznajcie si\u0119 z naszymi Zasadami partnerstwa\" href=\"http:\/\/www.eskofracht.com\/pl\/partnerzy\/zasady-partnerstwa\/\">Zasady partnerstwa<\/a>.<\/p>\n<p><a title=\"Zaoferujcie swoje us\u0142ugi\" href=\"http:\/\/www.eskofracht.com\/pl\/kontakty\/kontakt-dla-przewoznikow\/\">Kontakt dla Przewo\u017anik\u00f3w<\/a><\/p>\n","protected":false},"excerpt":{"rendered":"<p>D\u0105\u017c\u0105c do spe\u0142nienia wymaga\u0144 Standardu Obs\u0142ugi Klient\u00f3w, powinni\u015bmy starannie dobiera\u0107 Przewo\u017anik\u00f3w. Naszym partnerem mo\u017ce sta\u0107 si\u0119 Przewo\u017anik, kt\u00f3ry: &nbsp; * Ma bardzo dobr\u0105 reputacj\u0119 i jest znany jako niezawodny fachowiec; [&hellip;]<\/p>\n","protected":false},"author":3,"featured_media":0,"parent":343,"menu_order":20,"comment_status":"closed","ping_status":"closed","template":"puslapis-forma.php","meta":{"footnotes":""},"class_list":["post-345","page","type-page","status-publish","hentry"],"_links":{"self":[{"href":"https:\/\/www.eskofracht.com\/pl\/wp-json\/wp\/v2\/pages\/345","targetHints":{"allow":["GET"]}}],"collection":[{"href":"https:\/\/www.eskofracht.com\/pl\/wp-json\/wp\/v2\/pages"}],"about":[{"href":"https:\/\/www.eskofracht.com\/pl\/wp-json\/wp\/v2\/types\/page"}],"author":[{"embeddable":true,"href":"https:\/\/www.eskofracht.com\/pl\/wp-json\/wp\/v2\/users\/3"}],"replies":[{"embeddable":true,"href":"https:\/\/www.eskofracht.com\/pl\/wp-json\/wp\/v2\/comments?post=345"}],"version-history":[{"count":1,"href":"https:\/\/www.eskofracht.com\/pl\/wp-json\/wp\/v2\/pages\/345\/revisions"}],"predecessor-version":[{"id":346,"href":"https:\/\/www.eskofracht.com\/pl\/wp-json\/wp\/v2\/pages\/345\/revisions\/346"}],"up":[{"embeddable":true,"href":"https:\/\/www.eskofracht.com\/pl\/wp-json\/wp\/v2\/pages\/343"}],"wp:attachment":[{"href":"https:\/\/www.eskofracht.com\/pl\/wp-json\/wp\/v2\/media?parent=345"}],"curies":[{"name":"wp","href":"https:\/\/api.w.org\/{rel}","templated":true}]}}