{"id":355,"date":"2013-03-11T00:45:25","date_gmt":"2013-03-10T22:45:25","guid":{"rendered":"http:\/\/www.eskofracht.com\/?page_id=355"},"modified":"2013-03-11T00:48:27","modified_gmt":"2013-03-10T22:48:27","slug":"tworcy","status":"publish","type":"page","link":"https:\/\/www.eskofracht.com\/pl\/pracownicy\/tworcy\/","title":{"rendered":"Szanowni Wsp\u00f3\u0142pracownicy,"},"content":{"rendered":"<p>\u2018Eskofracht\u2019 jest firm\u0105, kt\u00f3r\u0105 tworzymy razem. Nie ma tutaj wa\u017cniejszych czy mniej wa\u017cnych stanowisk, jeste\u015bmy specjalistami, kt\u00f3rzy spe\u0142niaj\u0105 r\u00f3\u017cne zadania d\u0105\u017c\u0105c do jednego celu:\u00a0 zapewni\u0107 dok\u0142adne i sk\u0142adne rozwi\u0105zanie zada\u0144, powierzonych dla nas przez Klient\u00f3w.<\/p>\n<p>&nbsp;<\/p>\n<p>* Dotrzymaj swojej obietnicy \u2013 s\u0142owa nie musz\u0105 oddala\u0107 si\u0119 od dzia\u0142a\u0144.<\/p>\n<p>* Nigdy nie zatrzymuj i nie poddawaj si\u0119 trudno\u015bciom. Udoskonalaj si\u0119 w wybranej dziedzinie.<\/p>\n<p>* D\u0105\u017c do celu korzystaj\u0105c si\u0119 procedur. Same one nie s\u0105 celem, tylko instrumentem.<\/p>\n<p>* Zatroszcz si\u0119 o partnera. Zr\u00f3b wszystko i jeszcze troch\u0119 wi\u0119cej.<\/p>\n<p>* Odpowiednio wynagrod\u017a zaufanie, starania i osi\u0105gni\u0119cia.<\/p>\n<p>&nbsp;<\/p>\n<p>S\u0105 to nasze zasady, kt\u00f3rymi kierujemy si\u0119 codziennie.<\/p>\n","protected":false},"excerpt":{"rendered":"<p>\u2018Eskofracht\u2019 jest firm\u0105, kt\u00f3r\u0105 tworzymy razem. Nie ma tutaj wa\u017cniejszych czy mniej wa\u017cnych stanowisk, jeste\u015bmy specjalistami, kt\u00f3rzy spe\u0142niaj\u0105 r\u00f3\u017cne zadania d\u0105\u017c\u0105c do jednego celu:\u00a0 zapewni\u0107 dok\u0142adne i sk\u0142adne rozwi\u0105zanie zada\u0144, [&hellip;]<\/p>\n","protected":false},"author":3,"featured_media":0,"parent":354,"menu_order":10,"comment_status":"closed","ping_status":"closed","template":"puslapis-forma.php","meta":{"footnotes":""},"class_list":["post-355","page","type-page","status-publish","hentry"],"_links":{"self":[{"href":"https:\/\/www.eskofracht.com\/pl\/wp-json\/wp\/v2\/pages\/355","targetHints":{"allow":["GET"]}}],"collection":[{"href":"https:\/\/www.eskofracht.com\/pl\/wp-json\/wp\/v2\/pages"}],"about":[{"href":"https:\/\/www.eskofracht.com\/pl\/wp-json\/wp\/v2\/types\/page"}],"author":[{"embeddable":true,"href":"https:\/\/www.eskofracht.com\/pl\/wp-json\/wp\/v2\/users\/3"}],"replies":[{"embeddable":true,"href":"https:\/\/www.eskofracht.com\/pl\/wp-json\/wp\/v2\/comments?post=355"}],"version-history":[{"count":0,"href":"https:\/\/www.eskofracht.com\/pl\/wp-json\/wp\/v2\/pages\/355\/revisions"}],"up":[{"embeddable":true,"href":"https:\/\/www.eskofracht.com\/pl\/wp-json\/wp\/v2\/pages\/354"}],"wp:attachment":[{"href":"https:\/\/www.eskofracht.com\/pl\/wp-json\/wp\/v2\/media?parent=355"}],"curies":[{"name":"wp","href":"https:\/\/api.w.org\/{rel}","templated":true}]}}