{"id":483,"date":"2013-08-21T16:59:52","date_gmt":"2013-08-21T13:59:52","guid":{"rendered":"http:\/\/www.eskofracht.com\/?page_id=483"},"modified":"2014-02-05T01:25:05","modified_gmt":"2014-02-04T23:25:05","slug":"ocena-kredytowa","status":"publish","type":"page","link":"https:\/\/www.eskofracht.com\/pl\/firma\/ocena-kredytowa\/","title":{"rendered":"Ocena kredytowa"},"content":{"rendered":"<p><a href=\"http:\/\/www.eskofracht.com\/wp-content\/uploads\/esko_strongest13_eng.jpg\"><img loading=\"lazy\" decoding=\"async\" class=\"alignleft colorbox-483\" style=\"margin-right: 20px;\" title=\"Certyfikat Najsilnejsze na Litwie 2013\" alt=\"Certyfikat Najsilnejsze na Litwie 2013\" src=\"http:\/\/www.eskofracht.com\/wp-content\/uploads\/esko_strongest13_eng-176x250.jpg\" width=\"106\" height=\"150\" \/><\/a><a title=\"Mi\u0119dzynarodowe biuro kredytowe Creditinfo\" href=\"http:\/\/www.creditinfo.lt\/default.aspx?pageid=610f07d6-d35a-44a5-9719-3a6650034e7e\" target=\"_blank\">Mi\u0119dzynarodowe biuro kredytowe Creditinfo<\/a> doceni\u0142o nasze wysi\u0142ki na rzecz wspierania zaufania w\u015br\u00f3d partner\u00f3w certyfikatami &#8222;Najsilnejsze na Litwie 2012&#8221; i &#8222;Najsilnejsze na Litwie 2013&#8221;. Najwa\u017cniejsze kryteria oceny tych \u015bwiadectw &#8211; wysoka wiarygodnos\u0107\u00a0 kredytowa, co oznacza niskie prawdopodobie\u0144stwo aby unikn\u0105\u0107 zobowi\u0105za\u0144 w ci\u0105gu najbli\u017cszych 12 miesi\u0119cy. Wedlug danych\u00a0 <a title=\"Mi\u0119dzynarodowe biuro kredytowe Creditinfo\" href=\"http:\/\/www.creditinfo.lt\/default.aspx?pageid=610f07d6-d35a-44a5-9719-3a6650034e7e\" target=\"_blank\">mi\u0119dzynarodowego biura kredytowego Creditinfo<\/a>, ranking zawiera tylko 3% firm dzia\u0142aj\u0105cych na Litwie.<\/p>\n","protected":false},"excerpt":{"rendered":"<p>Mi\u0119dzynarodowe biuro kredytowe Creditinfo doceni\u0142o nasze wysi\u0142ki na rzecz wspierania zaufania w\u015br\u00f3d partner\u00f3w certyfikatami &#8222;Najsilnejsze na Litwie 2012&#8221; i &#8222;Najsilnejsze na Litwie 2013&#8221;. Najwa\u017cniejsze kryteria oceny tych \u015bwiadectw &#8211; wysoka [&hellip;]<\/p>\n","protected":false},"author":3,"featured_media":0,"parent":311,"menu_order":40,"comment_status":"closed","ping_status":"closed","template":"puslapis-forma.php","meta":{"footnotes":""},"class_list":["post-483","page","type-page","status-publish","hentry"],"_links":{"self":[{"href":"https:\/\/www.eskofracht.com\/pl\/wp-json\/wp\/v2\/pages\/483","targetHints":{"allow":["GET"]}}],"collection":[{"href":"https:\/\/www.eskofracht.com\/pl\/wp-json\/wp\/v2\/pages"}],"about":[{"href":"https:\/\/www.eskofracht.com\/pl\/wp-json\/wp\/v2\/types\/page"}],"author":[{"embeddable":true,"href":"https:\/\/www.eskofracht.com\/pl\/wp-json\/wp\/v2\/users\/3"}],"replies":[{"embeddable":true,"href":"https:\/\/www.eskofracht.com\/pl\/wp-json\/wp\/v2\/comments?post=483"}],"version-history":[{"count":1,"href":"https:\/\/www.eskofracht.com\/pl\/wp-json\/wp\/v2\/pages\/483\/revisions"}],"predecessor-version":[{"id":491,"href":"https:\/\/www.eskofracht.com\/pl\/wp-json\/wp\/v2\/pages\/483\/revisions\/491"}],"up":[{"embeddable":true,"href":"https:\/\/www.eskofracht.com\/pl\/wp-json\/wp\/v2\/pages\/311"}],"wp:attachment":[{"href":"https:\/\/www.eskofracht.com\/pl\/wp-json\/wp\/v2\/media?parent=483"}],"curies":[{"name":"wp","href":"https:\/\/api.w.org\/{rel}","templated":true}]}}